{"id":16,"date":"2022-05-02T16:01:29","date_gmt":"2022-05-02T14:01:29","guid":{"rendered":"http:\/\/dominguez-avocat.com\/?page_id=16"},"modified":"2026-03-24T18:00:19","modified_gmt":"2026-03-24T17:00:19","slug":"nos-domaines-dintervention","status":"publish","type":"page","link":"https:\/\/dominguez-avocat.com\/en\/nos-domaines-dintervention\/","title":{"rendered":"Domaines d&rsquo;intervention"},"content":{"rendered":"<div data-elementor-type=\"wp-page\" data-elementor-id=\"16\" class=\"elementor elementor-16\" data-elementor-post-type=\"page\">\n\t\t\t\t\t\t<section class=\"elementor-section elementor-top-section elementor-element elementor-element-a25378d elementor-section-full_width elementor-section-height-default elementor-section-height-default elementor-invisible\" data-id=\"a25378d\" data-element_type=\"section\" data-e-type=\"section\" data-settings=\"{&quot;background_background&quot;:&quot;classic&quot;,&quot;animation&quot;:&quot;fadeIn&quot;}\">\n\t\t\t\t\t\t<div class=\"elementor-container elementor-column-gap-default\">\n\t\t\t\t\t<div class=\"elementor-column elementor-col-33 elementor-top-column elementor-element elementor-element-ae31299 elementor-hidden-mobile\" data-id=\"ae31299\" data-element_type=\"column\" data-e-type=\"column\">\n\t\t\t<div class=\"elementor-widget-wrap elementor-element-populated\">\n\t\t\t\t\t\t<div class=\"elementor-element elementor-element-95f85fe elementor-widget elementor-widget-image\" data-id=\"95f85fe\" data-element_type=\"widget\" data-e-type=\"widget\" data-widget_type=\"image.default\">\n\t\t\t\t<div class=\"elementor-widget-container\">\n\t\t\t\t\t\t\t\t\t\t\t\t\t\t\t<img fetchpriority=\"high\" decoding=\"async\" width=\"1879\" height=\"1576\" src=\"https:\/\/dominguez-avocat.com\/wp-content\/uploads\/2022\/06\/logo-blanc_Plan-de-travail-1-e1655106349405.png\" class=\"attachment-full size-full wp-image-249\" alt=\"\" srcset=\"https:\/\/dominguez-avocat.com\/wp-content\/uploads\/2022\/06\/logo-blanc_Plan-de-travail-1-e1655106349405.png 1879w, https:\/\/dominguez-avocat.com\/wp-content\/uploads\/2022\/06\/logo-blanc_Plan-de-travail-1-e1655106349405-300x252.png 300w, https:\/\/dominguez-avocat.com\/wp-content\/uploads\/2022\/06\/logo-blanc_Plan-de-travail-1-e1655106349405-1024x859.png 1024w, https:\/\/dominguez-avocat.com\/wp-content\/uploads\/2022\/06\/logo-blanc_Plan-de-travail-1-e1655106349405-768x644.png 768w, https:\/\/dominguez-avocat.com\/wp-content\/uploads\/2022\/06\/logo-blanc_Plan-de-travail-1-e1655106349405-1536x1288.png 1536w\" sizes=\"(max-width: 1879px) 100vw, 1879px\" \/>\t\t\t\t\t\t\t\t\t\t\t\t\t\t\t<\/div>\n\t\t\t\t<\/div>\n\t\t\t\t\t<\/div>\n\t\t<\/div>\n\t\t\t\t<div class=\"elementor-column elementor-col-33 elementor-top-column elementor-element elementor-element-10dd373\" data-id=\"10dd373\" data-element_type=\"column\" data-e-type=\"column\">\n\t\t\t<div class=\"elementor-widget-wrap elementor-element-populated\">\n\t\t\t\t\t\t<section class=\"elementor-section elementor-inner-section elementor-element elementor-element-952efe1 elementor-section-boxed elementor-section-height-default elementor-section-height-default\" data-id=\"952efe1\" data-element_type=\"section\" data-e-type=\"section\">\n\t\t\t\t\t\t<div class=\"elementor-container elementor-column-gap-default\">\n\t\t\t\t\t<div class=\"elementor-column elementor-col-50 elementor-inner-column elementor-element elementor-element-9b267c5\" data-id=\"9b267c5\" data-element_type=\"column\" data-e-type=\"column\">\n\t\t\t<div class=\"elementor-widget-wrap elementor-element-populated\">\n\t\t\t\t\t\t<div class=\"elementor-element elementor-element-b6c8fb3 animated-slow elementor-invisible elementor-widget elementor-widget-heading\" data-id=\"b6c8fb3\" data-element_type=\"widget\" data-e-type=\"widget\" data-settings=\"{&quot;_animation&quot;:&quot;slideInLeft&quot;}\" data-widget_type=\"heading.default\">\n\t\t\t\t<div class=\"elementor-widget-container\">\n\t\t\t\t\t<h2 class=\"elementor-heading-title elementor-size-default\">Competition law<\/h2>\t\t\t\t<\/div>\n\t\t\t\t<\/div>\n\t\t\t\t\t<\/div>\n\t\t<\/div>\n\t\t\t\t<div class=\"elementor-column elementor-col-50 elementor-inner-column elementor-element elementor-element-64f062d\" data-id=\"64f062d\" data-element_type=\"column\" data-e-type=\"column\">\n\t\t\t<div class=\"elementor-widget-wrap elementor-element-populated\">\n\t\t\t\t\t\t<div class=\"elementor-element elementor-element-09c9119 animated-slow elementor-invisible elementor-widget elementor-widget-heading\" data-id=\"09c9119\" data-element_type=\"widget\" data-e-type=\"widget\" data-settings=\"{&quot;_animation&quot;:&quot;slideInRight&quot;}\" data-widget_type=\"heading.default\">\n\t\t\t\t<div class=\"elementor-widget-container\">\n\t\t\t\t\t<h2 class=\"elementor-heading-title elementor-size-default\">Commercial law<\/h2>\t\t\t\t<\/div>\n\t\t\t\t<\/div>\n\t\t\t\t\t<\/div>\n\t\t<\/div>\n\t\t\t\t\t<\/div>\n\t\t<\/section>\n\t\t\t\t<div class=\"elementor-element elementor-element-f19e285 animated-slow elementor-invisible elementor-widget elementor-widget-text-editor\" data-id=\"f19e285\" data-element_type=\"widget\" data-e-type=\"widget\" data-settings=\"{&quot;_animation&quot;:&quot;fadeIn&quot;}\" data-widget_type=\"text-editor.default\">\n\t\t\t\t<div class=\"elementor-widget-container\">\n\t\t\t\t\t\t\t\t\t<p style=\"font-weight: 400;\">S\u00e9bastien Dominguez has significant experience in competition law and commercial law, both in counsel and litigation.<\/p>\t\t\t\t\t\t\t\t<\/div>\n\t\t\t\t<\/div>\n\t\t\t\t\t<\/div>\n\t\t<\/div>\n\t\t\t\t<div class=\"elementor-column elementor-col-33 elementor-top-column elementor-element elementor-element-d50cf6a\" data-id=\"d50cf6a\" data-element_type=\"column\" data-e-type=\"column\">\n\t\t\t<div class=\"elementor-widget-wrap\">\n\t\t\t\t\t\t\t<\/div>\n\t\t<\/div>\n\t\t\t\t\t<\/div>\n\t\t<\/section>\n\t\t\t\t<section class=\"elementor-section elementor-top-section elementor-element elementor-element-c4fd588 elementor-section-boxed elementor-section-height-default elementor-section-height-default\" data-id=\"c4fd588\" data-element_type=\"section\" data-e-type=\"section\">\n\t\t\t\t\t\t<div class=\"elementor-container elementor-column-gap-default\">\n\t\t\t\t\t<div class=\"elementor-column elementor-col-50 elementor-top-column elementor-element elementor-element-17e6226 animated-slow elementor-invisible\" data-id=\"17e6226\" data-element_type=\"column\" data-e-type=\"column\" data-settings=\"{&quot;background_background&quot;:&quot;classic&quot;,&quot;animation&quot;:&quot;slideInLeft&quot;}\">\n\t\t\t<div class=\"elementor-widget-wrap elementor-element-populated\">\n\t\t\t\t\t\t<div class=\"elementor-element elementor-element-dd34b47 elementor-widget elementor-widget-heading\" data-id=\"dd34b47\" data-element_type=\"widget\" data-e-type=\"widget\" data-widget_type=\"heading.default\">\n\t\t\t\t<div class=\"elementor-widget-container\">\n\t\t\t\t\t<h2 class=\"elementor-heading-title elementor-size-default\">Competition law<\/h2>\t\t\t\t<\/div>\n\t\t\t\t<\/div>\n\t\t\t\t<div class=\"elementor-element elementor-element-029107a elementor-widget elementor-widget-text-editor\" data-id=\"029107a\" data-element_type=\"widget\" data-e-type=\"widget\" data-widget_type=\"text-editor.default\">\n\t\t\t\t<div class=\"elementor-widget-container\">\n\t\t\t\t\t\t\t\t\t<p><b>Anti-competitive practices (cartels and abuse of dominant position)\u00a0<\/b><br \/>Pre-litigation (analysis, strategy, negotiation) and litigation, in particular in the context of investigations and proceedings before the French Competition Authority, the DGCCRF (French Ministry for the Economy) or the European Commission (including dawnraids), including leniency proceedings, settlements etc.<\/p><p><b>Restrictive trade practices\u00a0<\/b><br \/>Pre-litigation and litigation, in particular regarding sudden breach of commercial relationships.<\/p><p><b>Private litigation related to competition law\u00a0<\/b><br \/>Damages claims following anti-competitive or restrictive trade practices, in defence and as plaintiff.<\/p><p><b>Training in competition law\u00a0<\/b><br \/>Compliance programs for management and commercial teams.<\/p><p><b>Merger control\u00a0<\/b><br \/>Analysis, negotiation, and notification of mergers before the French Competition Authority or the European Commission, for the notifying parties; advice to third parties for comments (commitments) or opposition to mergers.\u00a0<\/p>\t\t\t\t\t\t\t\t<\/div>\n\t\t\t\t<\/div>\n\t\t\t\t\t<\/div>\n\t\t<\/div>\n\t\t\t\t<div class=\"elementor-column elementor-col-50 elementor-top-column elementor-element elementor-element-f787004 elementor-hidden-tablet elementor-hidden-mobile\" data-id=\"f787004\" data-element_type=\"column\" data-e-type=\"column\">\n\t\t\t<div class=\"elementor-widget-wrap\">\n\t\t\t\t\t\t\t<\/div>\n\t\t<\/div>\n\t\t\t\t\t<\/div>\n\t\t<\/section>\n\t\t\t\t<section class=\"elementor-section elementor-top-section elementor-element elementor-element-f5604dc elementor-section-boxed elementor-section-height-default elementor-section-height-default\" data-id=\"f5604dc\" data-element_type=\"section\" data-e-type=\"section\">\n\t\t\t\t\t\t<div class=\"elementor-container elementor-column-gap-default\">\n\t\t\t\t\t<div class=\"elementor-column elementor-col-50 elementor-top-column elementor-element elementor-element-51e4c24 elementor-hidden-tablet elementor-hidden-mobile\" data-id=\"51e4c24\" data-element_type=\"column\" data-e-type=\"column\">\n\t\t\t<div class=\"elementor-widget-wrap\">\n\t\t\t\t\t\t\t<\/div>\n\t\t<\/div>\n\t\t\t\t<div class=\"elementor-column elementor-col-50 elementor-top-column elementor-element elementor-element-a81ad70 animated-slow elementor-invisible\" data-id=\"a81ad70\" data-element_type=\"column\" data-e-type=\"column\" data-settings=\"{&quot;background_background&quot;:&quot;classic&quot;,&quot;animation&quot;:&quot;slideInRight&quot;}\">\n\t\t\t<div class=\"elementor-widget-wrap elementor-element-populated\">\n\t\t\t\t\t\t<div class=\"elementor-element elementor-element-3787ead elementor-widget elementor-widget-heading\" data-id=\"3787ead\" data-element_type=\"widget\" data-e-type=\"widget\" data-widget_type=\"heading.default\">\n\t\t\t\t<div class=\"elementor-widget-container\">\n\t\t\t\t\t<h2 class=\"elementor-heading-title elementor-size-default\">Commercial law<\/h2>\t\t\t\t<\/div>\n\t\t\t\t<\/div>\n\t\t\t\t<div class=\"elementor-element elementor-element-417df1b elementor-widget elementor-widget-text-editor\" data-id=\"417df1b\" data-element_type=\"widget\" data-e-type=\"widget\" data-widget_type=\"text-editor.default\">\n\t\t\t\t<div class=\"elementor-widget-container\">\n\t\t\t\t\t\t\t\t\t<p><b>Commercial contracts\u00a0<\/b><br \/>Negotiation and drafting of commercial contracts, including industrial contracts (supply contracts, confidentiality agreements, etc.), distribution agreements (franchising, commercial agency, etc.) and other partnership contracts.<\/p><p><b>Commercial pre-litigation and litigation\u00a0<\/b><br \/>Including before the French Commercial Courts: contractual litigation, unfair competition, distribution litigation, damages claims, etc.<\/p>\t\t\t\t\t\t\t\t<\/div>\n\t\t\t\t<\/div>\n\t\t\t\t\t<\/div>\n\t\t<\/div>\n\t\t\t\t\t<\/div>\n\t\t<\/section>\n\t\t\t\t<\/div>","protected":false},"excerpt":{"rendered":"<p>Droit de la concurrence Droit commercial S\u00e9bastien Dominguez dispose d\u2019une exp\u00e9rience significative en droit de la concurrence et en droit commercial, tant en conseil qu\u2019en contentieux. Droit de la concurrence Pratiques anticoncurrentielles (ententes et abus de position dominante)\u00a0Conseil, pr\u00e9contentieux (analyse, strat\u00e9gie, n\u00e9gociation) et contentieux, notamment dans le cadre d\u2019enqu\u00eates et de proc\u00e9dures devant l\u2019Autorit\u00e9 de [&hellip;]<\/p>\n","protected":false},"author":1,"featured_media":264,"parent":0,"menu_order":3,"comment_status":"closed","ping_status":"closed","template":"","meta":{"footnotes":""},"class_list":["post-16","page","type-page","status-publish","has-post-thumbnail","hentry"],"yoast_head":"<!-- This site is optimized with the Yoast SEO plugin v27.5 - https:\/\/yoast.com\/product\/yoast-seo-wordpress\/ -->\n<title>S\u00e9bastien Dominguez | Domaines d&#039;intervention<\/title>\n<meta name=\"description\" content=\"S\u00e9bastien Dominguez dispose d\u2019une exp\u00e9rience significative en droit de la concurrence et en droit commercial, tant en conseil qu\u2019en contentieux.\" \/>\n<meta name=\"robots\" content=\"index, follow, max-snippet:-1, max-image-preview:large, max-video-preview:-1\" \/>\n<link rel=\"canonical\" href=\"https:\/\/dominguez-avocat.com\/en\/nos-domaines-dintervention\/\" \/>\n<meta property=\"og:locale\" content=\"en_GB\" \/>\n<meta property=\"og:type\" content=\"article\" \/>\n<meta property=\"og:title\" content=\"S\u00e9bastien Dominguez | Domaines d&#039;intervention\" \/>\n<meta property=\"og:description\" content=\"S\u00e9bastien Dominguez dispose d\u2019une exp\u00e9rience significative en droit de la concurrence et en droit commercial, tant en conseil qu\u2019en contentieux.\" \/>\n<meta property=\"og:url\" content=\"https:\/\/dominguez-avocat.com\/en\/nos-domaines-dintervention\/\" \/>\n<meta property=\"og:site_name\" content=\"S\u00e9bastien Dominguez\" \/>\n<meta property=\"article:modified_time\" content=\"2026-03-24T17:00:19+00:00\" \/>\n<meta property=\"og:image\" content=\"https:\/\/dominguez-avocat.com\/wp-content\/uploads\/2022\/06\/cropped-sd-claire_Plan-de-travail-1.png\" \/>\n\t<meta property=\"og:image:width\" content=\"512\" \/>\n\t<meta property=\"og:image:height\" content=\"512\" \/>\n\t<meta property=\"og:image:type\" content=\"image\/png\" \/>\n<meta name=\"twitter:card\" content=\"summary_large_image\" \/>\n<meta name=\"twitter:label1\" content=\"Estimated reading time\" \/>\n\t<meta name=\"twitter:data1\" content=\"2 minutes\" \/>\n<script type=\"application\/ld+json\" class=\"yoast-schema-graph\">{\"@context\":\"https:\\\/\\\/schema.org\",\"@graph\":[{\"@type\":\"WebPage\",\"@id\":\"https:\\\/\\\/dominguez-avocat.com\\\/nos-domaines-dintervention\\\/\",\"url\":\"https:\\\/\\\/dominguez-avocat.com\\\/nos-domaines-dintervention\\\/\",\"name\":\"S\u00e9bastien Dominguez | Domaines d'intervention\",\"isPartOf\":{\"@id\":\"https:\\\/\\\/dominguez-avocat.com\\\/#website\"},\"primaryImageOfPage\":{\"@id\":\"https:\\\/\\\/dominguez-avocat.com\\\/nos-domaines-dintervention\\\/#primaryimage\"},\"image\":{\"@id\":\"https:\\\/\\\/dominguez-avocat.com\\\/nos-domaines-dintervention\\\/#primaryimage\"},\"thumbnailUrl\":\"https:\\\/\\\/dominguez-avocat.com\\\/wp-content\\\/uploads\\\/2022\\\/06\\\/cropped-sd-claire_Plan-de-travail-1.png\",\"datePublished\":\"2022-05-02T14:01:29+00:00\",\"dateModified\":\"2026-03-24T17:00:19+00:00\",\"description\":\"S\u00e9bastien Dominguez dispose d\u2019une exp\u00e9rience significative en droit de la concurrence et en droit commercial, tant en conseil qu\u2019en contentieux.\",\"breadcrumb\":{\"@id\":\"https:\\\/\\\/dominguez-avocat.com\\\/nos-domaines-dintervention\\\/#breadcrumb\"},\"inLanguage\":\"en-GB\",\"potentialAction\":[{\"@type\":\"ReadAction\",\"target\":[\"https:\\\/\\\/dominguez-avocat.com\\\/nos-domaines-dintervention\\\/\"]}]},{\"@type\":\"ImageObject\",\"inLanguage\":\"en-GB\",\"@id\":\"https:\\\/\\\/dominguez-avocat.com\\\/nos-domaines-dintervention\\\/#primaryimage\",\"url\":\"https:\\\/\\\/dominguez-avocat.com\\\/wp-content\\\/uploads\\\/2022\\\/06\\\/cropped-sd-claire_Plan-de-travail-1.png\",\"contentUrl\":\"https:\\\/\\\/dominguez-avocat.com\\\/wp-content\\\/uploads\\\/2022\\\/06\\\/cropped-sd-claire_Plan-de-travail-1.png\",\"width\":512,\"height\":512},{\"@type\":\"BreadcrumbList\",\"@id\":\"https:\\\/\\\/dominguez-avocat.com\\\/nos-domaines-dintervention\\\/#breadcrumb\",\"itemListElement\":[{\"@type\":\"ListItem\",\"position\":1,\"name\":\"Accueil\",\"item\":\"https:\\\/\\\/dominguez-avocat.com\\\/\"},{\"@type\":\"ListItem\",\"position\":2,\"name\":\"Domaines d&rsquo;intervention\"}]},{\"@type\":\"WebSite\",\"@id\":\"https:\\\/\\\/dominguez-avocat.com\\\/#website\",\"url\":\"https:\\\/\\\/dominguez-avocat.com\\\/\",\"name\":\"S\u00e9bastien Dominguez\",\"description\":\"Avocat \u00e0 la Cour \u2013 Droit de la concurrence \u2013 Droit commercial\",\"publisher\":{\"@id\":\"https:\\\/\\\/dominguez-avocat.com\\\/#organization\"},\"potentialAction\":[{\"@type\":\"SearchAction\",\"target\":{\"@type\":\"EntryPoint\",\"urlTemplate\":\"https:\\\/\\\/dominguez-avocat.com\\\/?s={search_term_string}\"},\"query-input\":{\"@type\":\"PropertyValueSpecification\",\"valueRequired\":true,\"valueName\":\"search_term_string\"}}],\"inLanguage\":\"en-GB\"},{\"@type\":\"Organization\",\"@id\":\"https:\\\/\\\/dominguez-avocat.com\\\/#organization\",\"name\":\"S\u00e9bastien Dominguez Avocat\",\"url\":\"https:\\\/\\\/dominguez-avocat.com\\\/\",\"logo\":{\"@type\":\"ImageObject\",\"inLanguage\":\"en-GB\",\"@id\":\"https:\\\/\\\/dominguez-avocat.com\\\/#\\\/schema\\\/logo\\\/image\\\/\",\"url\":\"https:\\\/\\\/dominguez-avocat.com\\\/wp-content\\\/uploads\\\/2022\\\/06\\\/logotype-sebastien-dominguez-mai-2022-1.png\",\"contentUrl\":\"https:\\\/\\\/dominguez-avocat.com\\\/wp-content\\\/uploads\\\/2022\\\/06\\\/logotype-sebastien-dominguez-mai-2022-1.png\",\"width\":2048,\"height\":795,\"caption\":\"S\u00e9bastien Dominguez Avocat\"},\"image\":{\"@id\":\"https:\\\/\\\/dominguez-avocat.com\\\/#\\\/schema\\\/logo\\\/image\\\/\"},\"sameAs\":[\"https:\\\/\\\/www.linkedin.com\\\/in\\\/sebastien-dominguez-4573681\\\/\"]}]}<\/script>\n<!-- \/ Yoast SEO plugin. -->","yoast_head_json":{"title":"S\u00e9bastien Dominguez | Domaines d'intervention","description":"S\u00e9bastien Dominguez has significant experience in competition law and commercial law, both in counsel and litigation.","robots":{"index":"index","follow":"follow","max-snippet":"max-snippet:-1","max-image-preview":"max-image-preview:large","max-video-preview":"max-video-preview:-1"},"canonical":"https:\/\/dominguez-avocat.com\/en\/nos-domaines-dintervention\/","og_locale":"en_GB","og_type":"article","og_title":"S\u00e9bastien Dominguez | Domaines d'intervention","og_description":"S\u00e9bastien Dominguez dispose d\u2019une exp\u00e9rience significative en droit de la concurrence et en droit commercial, tant en conseil qu\u2019en contentieux.","og_url":"https:\/\/dominguez-avocat.com\/en\/nos-domaines-dintervention\/","og_site_name":"S\u00e9bastien Dominguez","article_modified_time":"2026-03-24T17:00:19+00:00","og_image":[{"width":512,"height":512,"url":"https:\/\/dominguez-avocat.com\/wp-content\/uploads\/2022\/06\/cropped-sd-claire_Plan-de-travail-1.png","type":"image\/png"}],"twitter_card":"summary_large_image","twitter_misc":{"Estimated reading time":"2 minutes"},"schema":{"@context":"https:\/\/schema.org","@graph":[{"@type":"WebPage","@id":"https:\/\/dominguez-avocat.com\/nos-domaines-dintervention\/","url":"https:\/\/dominguez-avocat.com\/nos-domaines-dintervention\/","name":"S\u00e9bastien Dominguez | Domaines d'intervention","isPartOf":{"@id":"https:\/\/dominguez-avocat.com\/#website"},"primaryImageOfPage":{"@id":"https:\/\/dominguez-avocat.com\/nos-domaines-dintervention\/#primaryimage"},"image":{"@id":"https:\/\/dominguez-avocat.com\/nos-domaines-dintervention\/#primaryimage"},"thumbnailUrl":"https:\/\/dominguez-avocat.com\/wp-content\/uploads\/2022\/06\/cropped-sd-claire_Plan-de-travail-1.png","datePublished":"2022-05-02T14:01:29+00:00","dateModified":"2026-03-24T17:00:19+00:00","description":"S\u00e9bastien Dominguez has significant experience in competition law and commercial law, both in counsel and litigation.","breadcrumb":{"@id":"https:\/\/dominguez-avocat.com\/nos-domaines-dintervention\/#breadcrumb"},"inLanguage":"en-GB","potentialAction":[{"@type":"ReadAction","target":["https:\/\/dominguez-avocat.com\/nos-domaines-dintervention\/"]}]},{"@type":"ImageObject","inLanguage":"en-GB","@id":"https:\/\/dominguez-avocat.com\/nos-domaines-dintervention\/#primaryimage","url":"https:\/\/dominguez-avocat.com\/wp-content\/uploads\/2022\/06\/cropped-sd-claire_Plan-de-travail-1.png","contentUrl":"https:\/\/dominguez-avocat.com\/wp-content\/uploads\/2022\/06\/cropped-sd-claire_Plan-de-travail-1.png","width":512,"height":512},{"@type":"BreadcrumbList","@id":"https:\/\/dominguez-avocat.com\/nos-domaines-dintervention\/#breadcrumb","itemListElement":[{"@type":"ListItem","position":1,"name":"Accueil","item":"https:\/\/dominguez-avocat.com\/"},{"@type":"ListItem","position":2,"name":"Domaines d&rsquo;intervention"}]},{"@type":"WebSite","@id":"https:\/\/dominguez-avocat.com\/#website","url":"https:\/\/dominguez-avocat.com\/","name":"S\u00e9bastien Dominguez","description":"Avocat \u00e0 la Cour \u2013 Droit de la concurrence \u2013 Droit commercial","publisher":{"@id":"https:\/\/dominguez-avocat.com\/#organization"},"potentialAction":[{"@type":"SearchAction","target":{"@type":"EntryPoint","urlTemplate":"https:\/\/dominguez-avocat.com\/?s={search_term_string}"},"query-input":{"@type":"PropertyValueSpecification","valueRequired":true,"valueName":"search_term_string"}}],"inLanguage":"en-GB"},{"@type":"Organization","@id":"https:\/\/dominguez-avocat.com\/#organization","name":"S\u00e9bastien Dominguez Avocat","url":"https:\/\/dominguez-avocat.com\/","logo":{"@type":"ImageObject","inLanguage":"en-GB","@id":"https:\/\/dominguez-avocat.com\/#\/schema\/logo\/image\/","url":"https:\/\/dominguez-avocat.com\/wp-content\/uploads\/2022\/06\/logotype-sebastien-dominguez-mai-2022-1.png","contentUrl":"https:\/\/dominguez-avocat.com\/wp-content\/uploads\/2022\/06\/logotype-sebastien-dominguez-mai-2022-1.png","width":2048,"height":795,"caption":"S\u00e9bastien Dominguez Avocat"},"image":{"@id":"https:\/\/dominguez-avocat.com\/#\/schema\/logo\/image\/"},"sameAs":["https:\/\/www.linkedin.com\/in\/sebastien-dominguez-4573681\/"]}]}},"_links":{"self":[{"href":"https:\/\/dominguez-avocat.com\/en\/wp-json\/wp\/v2\/pages\/16","targetHints":{"allow":["GET"]}}],"collection":[{"href":"https:\/\/dominguez-avocat.com\/en\/wp-json\/wp\/v2\/pages"}],"about":[{"href":"https:\/\/dominguez-avocat.com\/en\/wp-json\/wp\/v2\/types\/page"}],"author":[{"embeddable":true,"href":"https:\/\/dominguez-avocat.com\/en\/wp-json\/wp\/v2\/users\/1"}],"replies":[{"embeddable":true,"href":"https:\/\/dominguez-avocat.com\/en\/wp-json\/wp\/v2\/comments?post=16"}],"version-history":[{"count":69,"href":"https:\/\/dominguez-avocat.com\/en\/wp-json\/wp\/v2\/pages\/16\/revisions"}],"predecessor-version":[{"id":643,"href":"https:\/\/dominguez-avocat.com\/en\/wp-json\/wp\/v2\/pages\/16\/revisions\/643"}],"wp:featuredmedia":[{"embeddable":true,"href":"https:\/\/dominguez-avocat.com\/en\/wp-json\/wp\/v2\/media\/264"}],"wp:attachment":[{"href":"https:\/\/dominguez-avocat.com\/en\/wp-json\/wp\/v2\/media?parent=16"}],"curies":[{"name":"wp","href":"https:\/\/api.w.org\/{rel}","templated":true}]}}